{"id":206,"date":"2021-12-13T10:48:52","date_gmt":"2021-12-13T10:48:52","guid":{"rendered":"https:\/\/democontent.codex-themes.com\/sites-elementor-v5\/shop-plants-el\/?post_type=product&amp;p=206"},"modified":"2021-12-13T10:48:52","modified_gmt":"2021-12-13T10:48:52","slug":"snake-green-plant","status":"publish","type":"product","link":"https:\/\/shop.daylife.pt\/?product=snake-green-plant","title":{"rendered":"Snake Green Plant (Demo)"},"content":{"rendered":"\t\t<div data-elementor-type=\"wp-post\" data-elementor-id=\"206\" class=\"elementor elementor-206\">\n\t\t\t\t\t\t<section class=\"elementor-section elementor-top-section elementor-element elementor-element-ac04f28 elementor-section-boxed elementor-section-height-default elementor-section-height-default\" data-id=\"ac04f28\" data-element_type=\"section\">\r\n\t\t\t\t\t\t<div class=\"elementor-container elementor-column-gap-thegem\"><div class=\"elementor-row\">\r\n\t\t\t\t\t<div class=\"elementor-column elementor-col-33 elementor-top-column elementor-element elementor-element-c620956\" data-id=\"c620956\" data-element_type=\"column\">\n\t\t\t<div class=\"elementor-widget-wrap elementor-element-populated\">\n\t\t\t\t\t\t<div class=\"elementor-element elementor-element-72d61d9 flex-horizontal-align-default flex-horizontal-align-tablet-default flex-horizontal-align-mobile-default flex-vertical-align-default flex-vertical-align-tablet-default flex-vertical-align-mobile-default elementor-widget elementor-widget-thegem-styledimage\" data-id=\"72d61d9\" data-element_type=\"widget\" data-settings=\"{&quot;image&quot;:{&quot;url&quot;:&quot;https:\\\/\\\/shop.daylife.pt\\\/wp-content\\\/uploads\\\/2021\\\/12\\\/7-1.jpg&quot;,&quot;id&quot;:&quot;226&quot;,&quot;size&quot;:&quot;&quot;},&quot;thegem_elementor_preset&quot;:&quot;default&quot;,&quot;image_position&quot;:&quot;left&quot;}\" data-widget_type=\"thegem-styledimage.default\">\n\t\t\t\t<div class=\"elementor-widget-container\">\n\t\t\t\t\t\n<div class=\"styled-image-wrapper\">\n\t\t\t<div class=\"gem-image gem-wrapbox gem-wrapbox-default gem-wrapbox-position-left  \">\n\t\t\t<div class=\"gem-wrapbox-inner \" >\n\t\t\t\t\t\t\t\t\t<img class=\"gem-wrapbox-element img-responsive \"\n\t\t\t\t\t\t src=\"https:\/\/shop.daylife.pt\/wp-content\/uploads\/2021\/12\/7-1.jpg\"\n\t\t\t\t\t\t alt=\"7 (Demo)\">\n\t\t\t\t\t\t\t\t<\/div>\n\t\t<\/div>\n\t\t<\/div>\n\n\n\t\n\t\t\t\t\t\t<\/div>\n\t\t\t\t<\/div>\n\t\t\t\t\t<\/div>\n\t\t<\/div>\n\t\t\t\t<div class=\"elementor-column elementor-col-66 elementor-top-column elementor-element elementor-element-a3d32b9\" data-id=\"a3d32b9\" data-element_type=\"column\">\n\t\t\t<div class=\"elementor-widget-wrap elementor-element-populated\">\n\t\t\t\t\t\t<div class=\"elementor-element elementor-element-83aa00a flex-horizontal-align-default flex-horizontal-align-tablet-default flex-horizontal-align-mobile-default flex-vertical-align-default flex-vertical-align-tablet-default flex-vertical-align-mobile-default elementor-widget elementor-widget-text-editor\" data-id=\"83aa00a\" data-element_type=\"widget\" data-widget_type=\"text-editor.default\">\n\t\t\t\t\t\t\t\t\t\t\t\t<div class=\"elementor-text-editor elementor-clearfix\">\r\n\t\t\t\t\t\t<p>Lorem ipsum dolor sit amet, consectetur adipisicing elit, sed do eiusmod tempor incididunt ut labore et dolore magna aliqua. Ut enim ad minim veniam, quis nostrud sit amet exercitation ullamco laboris nisi ut aliquip ex ea commodo consequat. Duis aute irure dolor in reprehenderit in voluptate velit esse cillum dolore eu fugiat nulla pariatur. Excepteur sint occaecat cupidatat non proident, sunt in culpa qui officia deserunt mollit anim id est laborum. Sed ut perspiciatis unde omnis iste natus error sit voluptatem accusantium doloremque laudantium, totam rem aperiam, eaque ipsa quae ab illo inventore veritatis et quasi architecto beatae vitae dicta sunt explicabo. nemo enim ipsam voluptatem quia voluptas sit aspernatur aut odit aut fugit, sed quia consequuntur magni dolores eos qui ratione voluptatem sequi nesciunt. Neque porro quisquam est, qui dolorem ipsum quia dolor sit amet, consectetur, adipisci velit, sed quia non numquam eius modi tempora incidunt ut labore et dolore consequat.<\/p>\t\t\t\t\t\t\t<\/div>\r\n\t\t\t\t\t\t\t\t\t\t<\/div>\n\t\t\t\t\t<\/div>\n\t\t<\/div>\n\t\t\t\t\t<\/div><\/div>\r\n\t\t<\/section>\r\n\t\t\t\t<section class=\"elementor-section elementor-top-section elementor-element elementor-element-98827a5 elementor-section-full_width elementor-section-stretched elementor-section-height-default elementor-section-height-default\" data-id=\"98827a5\" data-element_type=\"section\" data-settings=\"{&quot;stretch_section&quot;:&quot;section-stretched&quot;,&quot;background_background&quot;:&quot;classic&quot;}\">\r\n\t\t\t\t\t\t<div class=\"elementor-container elementor-column-gap-thegem\"><div class=\"elementor-row\">\r\n\t\t\t\t\t<div class=\"elementor-column elementor-col-100 elementor-top-column elementor-element elementor-element-10cebd4\" data-id=\"10cebd4\" data-element_type=\"column\">\n\t\t\t<div class=\"elementor-widget-wrap elementor-element-populated\">\n\t\t\t\t\t\t<div class=\"elementor-element elementor-element-4e4854f flex-horizontal-align-default flex-horizontal-align-tablet-default flex-horizontal-align-mobile-default flex-vertical-align-default flex-vertical-align-tablet-default flex-vertical-align-mobile-default elementor-widget elementor-widget-heading\" data-id=\"4e4854f\" data-element_type=\"widget\" data-widget_type=\"heading.default\">\n\t\t\t\t\t<div class=\"title-h2 elementor-heading-title elementor-size-default\">CLIENTS say ABOUT US<\/div>\t\t\t\t<\/div>\n\t\t\t\t<div class=\"elementor-element elementor-element-a7e6106 flex-horizontal-align-default flex-horizontal-align-tablet-default flex-horizontal-align-mobile-default flex-vertical-align-default flex-vertical-align-tablet-default flex-vertical-align-mobile-default elementor-widget elementor-widget-thegem-testimonials\" data-id=\"a7e6106\" data-element_type=\"widget\" data-settings=\"{&quot;skin_source&quot;:&quot;default&quot;,&quot;thegem_elementor_preset&quot;:&quot;style1&quot;,&quot;content_testimonials_cat&quot;:&quot;all&quot;,&quot;content_elems_name&quot;:&quot;yes&quot;,&quot;content_elems_position&quot;:&quot;yes&quot;,&quot;content_elems_company&quot;:&quot;yes&quot;,&quot;content_elems_quote&quot;:&quot;yes&quot;}\" data-widget_type=\"thegem-testimonials.default\">\n\t\t\t\t<div class=\"elementor-widget-container\">\n\t\t\t\t\t\n\t\t\t<div class=\"preloader\">\n\t\t\t\t<div class=\"preloader-spin\"><\/div>\n\t\t\t<\/div>\n\t\t\t\n\t\t\t<div class=\"style1 gem-testimonials\n\t\t\tfullwidth-block\t\t\t\"\n\t\t\t >\n\t\t\t\n\t\t\t\t\t\t\t<style>.gem-testimonials-navigation{display: block;}<\/style>\n\t\t\t\n\t\t\t\t\n<div id=\"post-207\" class=\"gem-testimonial-item post-207 thegem_testimonial type-thegem_testimonial status-publish\">\n\t\t\t<div class=\"gem-testimonial-wrapper  \">\n\n\t\t\t\n\t\t\t<div class=\"gem-testimonial-content\">\n\n\t\t\t\t\t\t\t<div class=\"gem-testimonial-name title-h6\">Jeniffer Burns<\/div>\t\t\t\n\t\t\t\t\t\t\t<div class=\"gem-testimonial-company\">Creative Heads Inc.<\/div>\t\t\t\n\t\t\t\n\t\t\t\t<div class=\"gem-testimonial-text\">\n\t\t\t\t\t<div class=\"styled-subtitle\">Lorem ipsum dolor sit amet, consectetur adipisicing elit, sed do eiusmod tempor incididunt ut labore et dolore magna aliqua. Ut enim ad minim veniam, quis nostrud exercitation.<\/div>\n\t\t\t\t<\/div>\n\t\t\t<\/div>\n\t<\/div>\n\n\t<\/div>\n<div id=\"post-208\" class=\"gem-testimonial-item post-208 thegem_testimonial type-thegem_testimonial status-publish\">\n\t\t\t<div class=\"gem-testimonial-wrapper  \">\n\n\t\t\t\n\t\t\t<div class=\"gem-testimonial-content\">\n\n\t\t\t\t\t\t\t<div class=\"gem-testimonial-name title-h6\">Mark Anderson<\/div>\t\t\t\n\t\t\t\n\t\t\t\t\t\t\t<div class=\"gem-testimonial-position\">Creative Heads Inc.<\/div>\t\t\t\n\t\t\t\t<div class=\"gem-testimonial-text\">\n\t\t\t\t\t<div class=\"styled-subtitle\">Lorem ipsum dolor sit amet, consectetur adipisicing elit, sed do eiusmod tempor incididunt ut labore et dolore magna aliqua. Ut enim ad minim veniam quis nostrud!<\/div>\n\t\t\t\t<\/div>\n\t\t\t<\/div>\n\t<\/div>\n\n\t<\/div>\n<div id=\"post-127\" class=\"gem-testimonial-item post-127 thegem_testimonial type-thegem_testimonial status-publish has-post-thumbnail\">\n\t<a href=\"#\" target=\"_blank\">\t\t<div class=\"gem-testimonial-wrapper  \">\n\n\t\t\t\n\t\t\t<div class=\"gem-testimonial-content\">\n\n\t\t\t\t\t\t\t<div class=\"gem-testimonial-name title-h6\">Jeniffer Burns<\/div>\t\t\t\n\t\t\t\n\t\t\t\t\t\t\t<div class=\"gem-testimonial-position\">Creative Heads Inc.<\/div>\t\t\t\n\t\t\t\t<div class=\"gem-testimonial-text\">\n\t\t\t\t\t<p style=\"text-align: center;\"><span style=\"color: #002128;\">The blinding splendor of the diamond. The mighty power of the rocket.<\/span><\/p>\n<p style=\"text-align: center;\"><span style=\"color: #002128;\">Design perfection. The status symbol for any business.<\/span><\/p>\n\t\t\t\t<\/div>\n\t\t\t<\/div>\n\t<\/div>\n\n\t<\/a><\/div>\n<div id=\"post-132\" class=\"gem-testimonial-item post-132 thegem_testimonial type-thegem_testimonial status-publish has-post-thumbnail\">\n\t\t\t<div class=\"gem-testimonial-wrapper  \">\n\n\t\t\t\n\t\t\t<div class=\"gem-testimonial-content\">\n\n\t\t\t\t\t\t\t<div class=\"gem-testimonial-name title-h6\">Joana M.<\/div>\t\t\t\n\t\t\t\n\t\t\t\t\t\t\t<div class=\"gem-testimonial-position\">Lisboa, Portugal<\/div>\t\t\t\n\t\t\t\t<div class=\"gem-testimonial-text\">\n\t\t\t\t\t<p style=\"text-align: center;\">Desde o momento em que cheg\u00e1mos, sentimos que est\u00e1vamos em boas m\u00e3os. Quartos impec\u00e1veis, staff atencioso e pequeno-almo\u00e7o delicioso. Ideal para relaxar e recarregar.<\/p>\n\t\t\t\t<\/div>\n\t\t\t<\/div>\n\t<\/div>\n\n\t<\/div>\n<div id=\"post-123\" class=\"gem-testimonial-item post-123 thegem_testimonial type-thegem_testimonial status-publish has-post-thumbnail\">\n\t<a href=\"#\" target=\"_blank\">\t\t<div class=\"gem-testimonial-wrapper  \">\n\n\t\t\t\n\t\t\t<div class=\"gem-testimonial-content\">\n\n\t\t\t\t\t\t\t<div class=\"gem-testimonial-name title-h6\">Marcus Fields<\/div>\t\t\t\n\t\t\t\n\t\t\t\t\t\t\t<div class=\"gem-testimonial-position\">Creative Heads Inc.<\/div>\t\t\t\n\t\t\t\t<div class=\"gem-testimonial-text\">\n\t\t\t\t\t<p style=\"text-align: center;\"><span style=\"color: #002128;\">The blinding splendor of the diamond. The mighty power of the rocket.<\/span><\/p>\n<p style=\"text-align: center;\"><span style=\"color: #002128;\">Design perfection. The status symbol for any business.<\/span><\/p>\n\t\t\t\t<\/div>\n\t\t\t<\/div>\n\t<\/div>\n\n\t<\/a><\/div>\n<div id=\"post-133\" class=\"gem-testimonial-item post-133 thegem_testimonial type-thegem_testimonial status-publish has-post-thumbnail\">\n\t\t\t<div class=\"gem-testimonial-wrapper  \">\n\n\t\t\t\n\t\t\t<div class=\"gem-testimonial-content\">\n\n\t\t\t\t\t\t\t<div class=\"gem-testimonial-name title-h6\">Thomas B.<\/div>\t\t\t\n\t\t\t\n\t\t\t\t\t\t\t<div class=\"gem-testimonial-position\">Munique, Alemanha<\/div>\t\t\t\n\t\t\t\t<div class=\"gem-testimonial-text\">\n\t\t\t\t\t<p style=\"text-align: center;\">Hotel moderno, muito bem localizado, com uma vista incr\u00edvel e cama super confort\u00e1vel. O restaurante surpreendeu \u2014 comida de alta qualidade e ambiente tranquilo. Voltaremos com certeza!<\/p>\n\t\t\t\t<\/div>\n\t\t\t<\/div>\n\t<\/div>\n\n\t<\/div>\n\t\t\t\t\t\t\t\t\t<div class=\"testimonials_svg\"><svg width=\"100\" height=\"50\"><path d=\"M 0,-1 Q 45,5 50,50 Q 55,5 100,-1\" \/><\/svg><\/div>\n\t\t\t\t\n\t\t\t<\/div>\n\n\t\t\t \n\n\n\n\t\t\t\t\t\t<\/div>\n\t\t\t\t<\/div>\n\t\t\t\t\t<\/div>\n\t\t<\/div>\n\t\t\t\t\t<\/div><\/div>\r\n\t\t<\/section>\r\n\t\t\t\t<\/div>\n\t\t","protected":false},"excerpt":{"rendered":"<p>Lorem ipsum dolor sit amet, consectetur adipisicing elit, sed do eiusmod tempor incididunt ut labore et dolore magna aliqua. Ut enim ad minim veniam, quis nostrud exercitation ullamco laboris nisi ut aliquip ex ea commodo consequat.<\/p>\n","protected":false},"featured_media":209,"comment_status":"open","ping_status":"closed","template":"","meta":[],"product_brand":[],"product_cat":[60],"product_tag":[51,52,56,59],"class_list":{"0":"post-206","1":"product","2":"type-product","3":"status-publish","4":"has-post-thumbnail","6":"product_cat-potter-plants","7":"product_tag-equipment","8":"product_tag-herb","9":"product_tag-natural","10":"product_tag-plants","12":"first","13":"instock","14":"shipping-taxable","15":"purchasable","16":"product-type-variable"},"_links":{"self":[{"href":"https:\/\/shop.daylife.pt\/index.php?rest_route=\/wp\/v2\/product\/206","targetHints":{"allow":["GET"]}}],"collection":[{"href":"https:\/\/shop.daylife.pt\/index.php?rest_route=\/wp\/v2\/product"}],"about":[{"href":"https:\/\/shop.daylife.pt\/index.php?rest_route=\/wp\/v2\/types\/product"}],"replies":[{"embeddable":true,"href":"https:\/\/shop.daylife.pt\/index.php?rest_route=%2Fwp%2Fv2%2Fcomments&post=206"}],"version-history":[{"count":0,"href":"https:\/\/shop.daylife.pt\/index.php?rest_route=\/wp\/v2\/product\/206\/revisions"}],"wp:featuredmedia":[{"embeddable":true,"href":"https:\/\/shop.daylife.pt\/index.php?rest_route=\/wp\/v2\/media\/209"}],"wp:attachment":[{"href":"https:\/\/shop.daylife.pt\/index.php?rest_route=%2Fwp%2Fv2%2Fmedia&parent=206"}],"wp:term":[{"taxonomy":"product_brand","embeddable":true,"href":"https:\/\/shop.daylife.pt\/index.php?rest_route=%2Fwp%2Fv2%2Fproduct_brand&post=206"},{"taxonomy":"product_cat","embeddable":true,"href":"https:\/\/shop.daylife.pt\/index.php?rest_route=%2Fwp%2Fv2%2Fproduct_cat&post=206"},{"taxonomy":"product_tag","embeddable":true,"href":"https:\/\/shop.daylife.pt\/index.php?rest_route=%2Fwp%2Fv2%2Fproduct_tag&post=206"}],"curies":[{"name":"wp","href":"https:\/\/api.w.org\/{rel}","templated":true}]}}